{"id":17,"date":"2024-08-27T10:04:55","date_gmt":"2024-08-27T10:04:55","guid":{"rendered":"https:\/\/ferrotechnique.com\/?page_id=17"},"modified":"2025-05-30T18:36:27","modified_gmt":"2025-05-30T18:36:27","slug":"reports","status":"publish","type":"page","link":"https:\/\/ferrotechnique.com\/fr\/reports\/","title":{"rendered":"Rapports"},"content":{"rendered":"<div data-elementor-type=\"wp-page\" data-elementor-id=\"17\" class=\"elementor elementor-17\" data-elementor-settings=\"{&quot;ha_cmc_init_switcher&quot;:&quot;no&quot;}\" data-elementor-post-type=\"page\">\n\t\t\t\t<div class=\"elementor-element elementor-element-d9ab49c e-con-full e-flex e-con e-parent\" data-id=\"d9ab49c\" data-element_type=\"container\" data-e-type=\"container\">\n\t\t<div class=\"elementor-element elementor-element-df15ee0 e-flex e-con-boxed e-con e-child\" data-id=\"df15ee0\" data-element_type=\"container\" data-e-type=\"container\">\n\t\t\t\t\t<div class=\"e-con-inner\">\n\t\t\t\t<div data-dce-title-color=\"#080808\" class=\"elementor-element elementor-element-054c3f7 elementor-widget elementor-widget-heading\" data-id=\"054c3f7\" data-element_type=\"widget\" data-e-type=\"widget\" data-widget_type=\"heading.default\">\n\t\t\t\t<div class=\"elementor-widget-container\">\n\t\t\t\t\t<h2 class=\"elementor-heading-title elementor-size-default\">Rapports Disponibles<\/h2>\t\t\t\t<\/div>\n\t\t\t\t<\/div>\n\t\t\t\t<div data-dce-text-color=\"#717171\" class=\"elementor-element elementor-element-a1fa0ce elementor-widget elementor-widget-text-editor\" data-id=\"a1fa0ce\" data-element_type=\"widget\" data-e-type=\"widget\" data-widget_type=\"text-editor.default\">\n\t\t\t\t<div class=\"elementor-widget-container\">\n\t\t\t\t\t\t\t\t\tExplorez nos rapports complets et nos analyses sectorielles. Restez inform\u00e9 gr\u00e2ce \u00e0 des analyses d\u00e9taill\u00e9es adapt\u00e9es aux besoins changeants de votre entreprise.\t\t\t\t\t\t\t\t<\/div>\n\t\t\t\t<\/div>\n\t\t<div class=\"elementor-element elementor-element-38f8ae5 e-con-full e-flex e-con e-child\" data-id=\"38f8ae5\" data-element_type=\"container\" data-e-type=\"container\">\n\t\t<div class=\"elementor-element elementor-element-45ba84e e-con-full e-flex e-con e-child\" data-id=\"45ba84e\" data-element_type=\"container\" data-e-type=\"container\">\n\t\t\t\t<div data-dce-advanced-background-color=\"#F3F3F3\" class=\"elementor-element elementor-element-acb5e5a dce_masking-none elementor-widget elementor-widget-image\" data-id=\"acb5e5a\" data-element_type=\"widget\" data-e-type=\"widget\" data-widget_type=\"image.default\">\n\t\t\t\t<div class=\"elementor-widget-container\">\n\t\t\t\t\t\t\t\t\t\t\t\t\t\t\t<img decoding=\"async\" width=\"464\" height=\"80\" src=\"https:\/\/ferrotechnique.com\/wp-content\/uploads\/2024\/08\/Logo.png\" class=\"attachment-large size-large wp-image-11\" alt=\"Site Logo\" srcset=\"https:\/\/ferrotechnique.com\/wp-content\/uploads\/2024\/08\/Logo.png 464w, https:\/\/ferrotechnique.com\/wp-content\/uploads\/2024\/08\/Logo-300x52.png 300w\" sizes=\"(max-width: 464px) 100vw, 464px\" \/>\t\t\t\t\t\t\t\t\t\t\t\t\t\t\t<\/div>\n\t\t\t\t<\/div>\n\t\t\t\t<div data-dce-title-color=\"#080808\" class=\"elementor-element elementor-element-29b993f elementor-widget elementor-widget-heading\" data-id=\"29b993f\" data-element_type=\"widget\" data-e-type=\"widget\" data-widget_type=\"heading.default\">\n\t\t\t\t<div class=\"elementor-widget-container\">\n\t\t\t\t\t<h2 class=\"elementor-heading-title elementor-size-default\">Bills S-211<\/h2>\t\t\t\t<\/div>\n\t\t\t\t<\/div>\n\t\t\t\t<div data-dce-text-color=\"#717171\" class=\"elementor-element elementor-element-425bca1 min-report-h elementor-widget elementor-widget-text-editor\" data-id=\"425bca1\" data-element_type=\"widget\" data-e-type=\"widget\" data-widget_type=\"text-editor.default\">\n\t\t\t\t<div class=\"elementor-widget-container\">\n\t\t\t\t\t\t\t\t\tRapport sur le projet de loi S-211 \u2013 Loi sur la lutte contre le travail forc\u00e9 et le travail des enfants dans les cha\u00eenes d'approvisionnement\t\t\t\t\t\t\t\t<\/div>\n\t\t\t\t<\/div>\n\t\t\t\t<div class=\"elementor-element elementor-element-c378039 elementor-widget elementor-widget-button\" data-id=\"c378039\" data-element_type=\"widget\" data-e-type=\"widget\" data-widget_type=\"button.default\">\n\t\t\t\t<div class=\"elementor-widget-container\">\n\t\t\t\t\t\t\t\t\t<div class=\"elementor-button-wrapper\">\n\t\t\t\t\t<a class=\"elementor-button elementor-button-link elementor-size-sm\" href=\"\/wp-content\/uploads\/2025\/05\/Ferro-Technique-Forced-Labour-in-Supply-Chains-Final.pdf\" target=\"_blank\">\n\t\t\t\t\t\t<span class=\"elementor-button-content-wrapper\">\n\t\t\t\t\t\t\t\t\t<span class=\"elementor-button-text\">Ouvrir les rapports<\/span>\n\t\t\t\t\t<\/span>\n\t\t\t\t\t<\/a>\n\t\t\t\t<\/div>\n\t\t\t\t\t\t\t\t<\/div>\n\t\t\t\t<\/div>\n\t\t\t\t<\/div>\n\t\t<div class=\"elementor-element elementor-element-7b873f7 e-con-full e-flex e-con e-child\" data-id=\"7b873f7\" data-element_type=\"container\" data-e-type=\"container\">\n\t\t\t\t<div data-dce-advanced-background-color=\"#F3F3F3\" class=\"elementor-element elementor-element-c67908f dce_masking-none elementor-widget elementor-widget-image\" data-id=\"c67908f\" data-element_type=\"widget\" data-e-type=\"widget\" data-widget_type=\"image.default\">\n\t\t\t\t<div class=\"elementor-widget-container\">\n\t\t\t\t\t\t\t\t\t\t\t\t\t\t\t<img decoding=\"async\" width=\"464\" height=\"80\" src=\"https:\/\/ferrotechnique.com\/wp-content\/uploads\/2024\/08\/Logo.png\" class=\"attachment-large size-large wp-image-11\" alt=\"Site Logo\" srcset=\"https:\/\/ferrotechnique.com\/wp-content\/uploads\/2024\/08\/Logo.png 464w, https:\/\/ferrotechnique.com\/wp-content\/uploads\/2024\/08\/Logo-300x52.png 300w\" sizes=\"(max-width: 464px) 100vw, 464px\" \/>\t\t\t\t\t\t\t\t\t\t\t\t\t\t\t<\/div>\n\t\t\t\t<\/div>\n\t\t\t\t<div data-dce-title-color=\"#080808\" class=\"elementor-element elementor-element-2fce472 elementor-widget elementor-widget-heading\" data-id=\"2fce472\" data-element_type=\"widget\" data-e-type=\"widget\" data-widget_type=\"heading.default\">\n\t\t\t\t<div class=\"elementor-widget-container\">\n\t\t\t\t\t<h2 class=\"elementor-heading-title elementor-size-default\">Plan Pluriannuel d'accessibilit\u00e9<\/h2>\t\t\t\t<\/div>\n\t\t\t\t<\/div>\n\t\t\t\t<div data-dce-text-color=\"#717171\" class=\"elementor-element elementor-element-fb95f62 min-report-h elementor-widget elementor-widget-text-editor\" data-id=\"fb95f62\" data-element_type=\"widget\" data-e-type=\"widget\" data-widget_type=\"text-editor.default\">\n\t\t\t\t<div class=\"elementor-widget-container\">\n\t\t\t\t\t\t\t\t\tPlan pluriannuel d'accessibilit\u00e9 2023-2028\t\t\t\t\t\t\t\t<\/div>\n\t\t\t\t<\/div>\n\t\t\t\t<div class=\"elementor-element elementor-element-fa1f025 elementor-widget elementor-widget-button\" data-id=\"fa1f025\" data-element_type=\"widget\" data-e-type=\"widget\" data-widget_type=\"button.default\">\n\t\t\t\t<div class=\"elementor-widget-container\">\n\t\t\t\t\t\t\t\t\t<div class=\"elementor-button-wrapper\">\n\t\t\t\t\t<a class=\"elementor-button elementor-button-link elementor-size-sm\" href=\"\/wp-content\/uploads\/2024\/10\/Ferro-Technique-Ltd-Multi-Year-Accessibility-Plan_fre-CA.pdf\" target=\"_blank\">\n\t\t\t\t\t\t<span class=\"elementor-button-content-wrapper\">\n\t\t\t\t\t\t\t\t\t<span class=\"elementor-button-text\">Ouvrir les rapports<\/span>\n\t\t\t\t\t<\/span>\n\t\t\t\t\t<\/a>\n\t\t\t\t<\/div>\n\t\t\t\t\t\t\t\t<\/div>\n\t\t\t\t<\/div>\n\t\t\t\t<\/div>\n\t\t\t\t<\/div>\n\t\t\t\t\t<\/div>\n\t\t\t\t<\/div>\n\t\t\t\t<\/div>\n\t\t<div data-dce-background-color=\"#F3F3F3\" class=\"elementor-element elementor-element-76590c5 e-con-full e-flex e-con e-parent\" data-id=\"76590c5\" data-element_type=\"container\" data-e-type=\"container\" data-settings=\"{&quot;background_background&quot;:&quot;classic&quot;}\">\n\t\t<div class=\"elementor-element elementor-element-fcb25bd e-flex e-con-boxed e-con e-child\" data-id=\"fcb25bd\" data-element_type=\"container\" data-e-type=\"container\">\n\t\t\t\t\t<div class=\"e-con-inner\">\n\t\t<div class=\"elementor-element elementor-element-cd66768 e-con-full e-flex e-con e-child\" data-id=\"cd66768\" data-element_type=\"container\" data-e-type=\"container\">\n\t\t\t\t<div data-dce-title-color=\"#080808\" class=\"elementor-element elementor-element-c38b8be elementor-widget elementor-widget-heading\" data-id=\"c38b8be\" data-element_type=\"widget\" data-e-type=\"widget\" data-widget_type=\"heading.default\">\n\t\t\t\t<div class=\"elementor-widget-container\">\n\t\t\t\t\t<h2 class=\"elementor-heading-title elementor-size-default\">\u00c9liminez les temps d'arr\u00eat<\/h2>\t\t\t\t<\/div>\n\t\t\t\t<\/div>\n\t\t\t\t<div data-dce-text-color=\"#717171\" class=\"elementor-element elementor-element-00b09a1 elementor-widget__width-initial elementor-widget elementor-widget-text-editor\" data-id=\"00b09a1\" data-element_type=\"widget\" data-e-type=\"widget\" data-widget_type=\"text-editor.default\">\n\t\t\t\t<div class=\"elementor-widget-container\">\n\t\t\t\t\t\t\t\t\tPartenaires avec Ferro Technique d\u00e8s aujourd'hui et gardez une longueur d'avance !\t\t\t\t\t\t\t\t<\/div>\n\t\t\t\t<\/div>\n\t\t\t\t<div class=\"elementor-element elementor-element-cf0e241 elementor-widget elementor-widget-button\" data-id=\"cf0e241\" data-element_type=\"widget\" data-e-type=\"widget\" data-widget_type=\"button.default\">\n\t\t\t\t<div class=\"elementor-widget-container\">\n\t\t\t\t\t\t\t\t\t<div class=\"elementor-button-wrapper\">\n\t\t\t\t\t<a class=\"elementor-button elementor-button-link elementor-size-sm\" href=\"https:\/\/ferrotechnique.com\/fr\/contact-us\/\">\n\t\t\t\t\t\t<span class=\"elementor-button-content-wrapper\">\n\t\t\t\t\t\t\t\t\t<span class=\"elementor-button-text\">Contactez-nous<\/span>\n\t\t\t\t\t<\/span>\n\t\t\t\t\t<\/a>\n\t\t\t\t<\/div>\n\t\t\t\t\t\t\t\t<\/div>\n\t\t\t\t<\/div>\n\t\t\t\t<div class=\"elementor-element elementor-element-5398933 elementor-hidden-desktop elementor-hidden-tablet dce_masking-none elementor-widget elementor-widget-image\" data-id=\"5398933\" data-element_type=\"widget\" data-e-type=\"widget\" data-widget_type=\"image.default\">\n\t\t\t\t<div class=\"elementor-widget-container\">\n\t\t\t\t\t\t\t\t\t\t\t\t\t\t\t<img fetchpriority=\"high\" decoding=\"async\" width=\"800\" height=\"559\" src=\"https:\/\/ferrotechnique.com\/wp-content\/uploads\/2024\/08\/Leave-Downtime-In-The-Dust-1024x715.png\" class=\"attachment-large size-large wp-image-50\" alt=\"Leave Downtime In The Dust\" srcset=\"https:\/\/ferrotechnique.com\/wp-content\/uploads\/2024\/08\/Leave-Downtime-In-The-Dust-1024x715.png 1024w, https:\/\/ferrotechnique.com\/wp-content\/uploads\/2024\/08\/Leave-Downtime-In-The-Dust-300x210.png 300w, https:\/\/ferrotechnique.com\/wp-content\/uploads\/2024\/08\/Leave-Downtime-In-The-Dust-768x536.png 768w, https:\/\/ferrotechnique.com\/wp-content\/uploads\/2024\/08\/Leave-Downtime-In-The-Dust.png 1220w\" sizes=\"(max-width: 800px) 100vw, 800px\" \/>\t\t\t\t\t\t\t\t\t\t\t\t\t\t\t<\/div>\n\t\t\t\t<\/div>\n\t\t\t\t<\/div>\n\t\t<div class=\"elementor-element elementor-element-b1bcea5 e-con-full elementor-hidden-mobile e-flex e-con e-child\" data-id=\"b1bcea5\" data-element_type=\"container\" data-e-type=\"container\">\n\t\t\t\t<div class=\"elementor-element elementor-element-1d21dbf elementor-absolute image--transform-cstm dce_masking-none elementor-widget elementor-widget-image\" data-id=\"1d21dbf\" data-element_type=\"widget\" data-e-type=\"widget\" data-settings=\"{&quot;_position&quot;:&quot;absolute&quot;}\" data-widget_type=\"image.default\">\n\t\t\t\t<div class=\"elementor-widget-container\">\n\t\t\t\t\t\t\t\t\t\t\t\t\t\t\t<img fetchpriority=\"high\" decoding=\"async\" width=\"800\" height=\"559\" src=\"https:\/\/ferrotechnique.com\/wp-content\/uploads\/2024\/08\/Leave-Downtime-In-The-Dust-1024x715.png\" class=\"attachment-large size-large wp-image-50\" alt=\"Leave Downtime In The Dust\" srcset=\"https:\/\/ferrotechnique.com\/wp-content\/uploads\/2024\/08\/Leave-Downtime-In-The-Dust-1024x715.png 1024w, https:\/\/ferrotechnique.com\/wp-content\/uploads\/2024\/08\/Leave-Downtime-In-The-Dust-300x210.png 300w, https:\/\/ferrotechnique.com\/wp-content\/uploads\/2024\/08\/Leave-Downtime-In-The-Dust-768x536.png 768w, https:\/\/ferrotechnique.com\/wp-content\/uploads\/2024\/08\/Leave-Downtime-In-The-Dust.png 1220w\" sizes=\"(max-width: 800px) 100vw, 800px\" \/>\t\t\t\t\t\t\t\t\t\t\t\t\t\t\t<\/div>\n\t\t\t\t<\/div>\n\t\t\t\t<\/div>\n\t\t\t\t\t<\/div>\n\t\t\t\t<\/div>\n\t\t\t\t<\/div>\n\t\t\t\t<\/div>","protected":false},"excerpt":{"rendered":"<p>Available reports Explore our comprehensive reports and industry insights. Stay informed with detailed analyses tailored to the evolving needs of your business. Bills S-211 Bill S-211 Report &#8211; Fighting Against Forced Labour and Child Labour in Supply Chains Act Open Report Multi-year accessibility Plan Multi-Year Accessibility Plan 2023-2028 Open Report Leave Downtime In The Dust [&hellip;]<\/p>\n","protected":false},"author":1,"featured_media":0,"parent":0,"menu_order":0,"comment_status":"closed","ping_status":"closed","template":"elementor_header_footer","meta":{"_acf_changed":false,"footnotes":""},"class_list":["post-17","page","type-page","status-publish","hentry"],"acf":[],"yoast_head":"<!-- This site is optimized with the Yoast SEO plugin v27.2 - https:\/\/yoast.com\/product\/yoast-seo-wordpress\/ -->\n<title>Performance and Market Reports<\/title>\n<meta name=\"description\" content=\"Access comprehensive reports on Ferro Technique\u2019s operational performance, market trends, and customer satisfaction. Stay informed with insights designed to enhance your business&#039;s success.\" \/>\n<meta name=\"robots\" content=\"index, follow, max-snippet:-1, max-image-preview:large, max-video-preview:-1\" \/>\n<link rel=\"canonical\" href=\"https:\/\/ferrotechnique.com\/fr\/reports\/\" \/>\n<meta property=\"og:locale\" content=\"fr_CA\" \/>\n<meta property=\"og:type\" content=\"article\" \/>\n<meta property=\"og:title\" content=\"Performance and Market Reports\" \/>\n<meta property=\"og:description\" content=\"Access comprehensive reports on Ferro Technique\u2019s operational performance, market trends, and customer satisfaction. Stay informed with insights designed to enhance your business&#039;s success.\" \/>\n<meta property=\"og:url\" content=\"https:\/\/ferrotechnique.com\/fr\/reports\/\" \/>\n<meta property=\"og:site_name\" content=\"Ferro Technique\" \/>\n<meta property=\"article:modified_time\" content=\"2025-05-30T18:36:27+00:00\" \/>\n<meta property=\"og:image\" content=\"https:\/\/ferrotechnique.com\/wp-content\/uploads\/2024\/08\/Logo.png\" \/>\n\t<meta property=\"og:image:width\" content=\"464\" \/>\n\t<meta property=\"og:image:height\" content=\"80\" \/>\n\t<meta property=\"og:image:type\" content=\"image\/png\" \/>\n<meta name=\"twitter:card\" content=\"summary_large_image\" \/>\n<meta name=\"twitter:label1\" content=\"Estimation du temps de lecture\" \/>\n\t<meta name=\"twitter:data1\" content=\"2 minutes\" \/>\n<script type=\"application\/ld+json\" class=\"yoast-schema-graph\">{\"@context\":\"https:\/\/schema.org\",\"@graph\":[{\"@type\":\"WebPage\",\"@id\":\"https:\/\/ferrotechnique.com\/reports\/\",\"url\":\"https:\/\/ferrotechnique.com\/reports\/\",\"name\":\"Performance and Market Reports\",\"isPartOf\":{\"@id\":\"https:\/\/ferrotechnique.com\/#website\"},\"primaryImageOfPage\":{\"@id\":\"https:\/\/ferrotechnique.com\/reports\/#primaryimage\"},\"image\":{\"@id\":\"https:\/\/ferrotechnique.com\/reports\/#primaryimage\"},\"thumbnailUrl\":\"https:\/\/ferrotechnique.com\/wp-content\/uploads\/2024\/08\/Logo.png\",\"datePublished\":\"2024-08-27T10:04:55+00:00\",\"dateModified\":\"2025-05-30T18:36:27+00:00\",\"description\":\"Access comprehensive reports on Ferro Technique\u2019s operational performance, market trends, and customer satisfaction. Stay informed with insights designed to enhance your business's success.\",\"inLanguage\":\"fr-CA\",\"potentialAction\":[{\"@type\":\"ReadAction\",\"target\":[\"https:\/\/ferrotechnique.com\/reports\/\"]}]},{\"@type\":\"ImageObject\",\"inLanguage\":\"fr-CA\",\"@id\":\"https:\/\/ferrotechnique.com\/reports\/#primaryimage\",\"url\":\"https:\/\/ferrotechnique.com\/wp-content\/uploads\/2024\/08\/Logo.png\",\"contentUrl\":\"https:\/\/ferrotechnique.com\/wp-content\/uploads\/2024\/08\/Logo.png\"},{\"@type\":\"WebSite\",\"@id\":\"https:\/\/ferrotechnique.com\/#website\",\"url\":\"https:\/\/ferrotechnique.com\/\",\"name\":\"Ferro Technique\",\"description\":\"Your Partner in Productivity\",\"publisher\":{\"@id\":\"https:\/\/ferrotechnique.com\/#organization\"},\"potentialAction\":[{\"@type\":\"SearchAction\",\"target\":{\"@type\":\"EntryPoint\",\"urlTemplate\":\"https:\/\/ferrotechnique.com\/?s={search_term_string}\"},\"query-input\":{\"@type\":\"PropertyValueSpecification\",\"valueRequired\":true,\"valueName\":\"search_term_string\"}}],\"inLanguage\":\"fr-CA\"},{\"@type\":\"Organization\",\"@id\":\"https:\/\/ferrotechnique.com\/#organization\",\"name\":\"Ferro Technique\",\"url\":\"https:\/\/ferrotechnique.com\/\",\"logo\":{\"@type\":\"ImageObject\",\"inLanguage\":\"fr-CA\",\"@id\":\"https:\/\/ferrotechnique.com\/#\/schema\/logo\/image\/\",\"url\":\"https:\/\/ferrotechnique.com\/wp-content\/uploads\/2024\/08\/Logo.png\",\"contentUrl\":\"https:\/\/ferrotechnique.com\/wp-content\/uploads\/2024\/08\/Logo.png\",\"width\":464,\"height\":80,\"caption\":\"Ferro Technique\"},\"image\":{\"@id\":\"https:\/\/ferrotechnique.com\/#\/schema\/logo\/image\/\"}}]}<\/script>\n<!-- \/ Yoast SEO plugin. -->","yoast_head_json":{"title":"Performance and Market Reports","description":"Access comprehensive reports on Ferro Technique\u2019s operational performance, market trends, and customer satisfaction. Stay informed with insights designed to enhance your business's success.","robots":{"index":"index","follow":"follow","max-snippet":"max-snippet:-1","max-image-preview":"max-image-preview:large","max-video-preview":"max-video-preview:-1"},"canonical":"https:\/\/ferrotechnique.com\/fr\/reports\/","og_locale":"fr_CA","og_type":"article","og_title":"Performance and Market Reports","og_description":"Access comprehensive reports on Ferro Technique\u2019s operational performance, market trends, and customer satisfaction. Stay informed with insights designed to enhance your business's success.","og_url":"https:\/\/ferrotechnique.com\/fr\/reports\/","og_site_name":"Ferro Technique","article_modified_time":"2025-05-30T18:36:27+00:00","og_image":[{"width":464,"height":80,"url":"https:\/\/ferrotechnique.com\/wp-content\/uploads\/2024\/08\/Logo.png","type":"image\/png"}],"twitter_card":"summary_large_image","twitter_misc":{"Estimation du temps de lecture":"2 minutes"},"schema":{"@context":"https:\/\/schema.org","@graph":[{"@type":"WebPage","@id":"https:\/\/ferrotechnique.com\/reports\/","url":"https:\/\/ferrotechnique.com\/reports\/","name":"Performance and Market Reports","isPartOf":{"@id":"https:\/\/ferrotechnique.com\/#website"},"primaryImageOfPage":{"@id":"https:\/\/ferrotechnique.com\/reports\/#primaryimage"},"image":{"@id":"https:\/\/ferrotechnique.com\/reports\/#primaryimage"},"thumbnailUrl":"https:\/\/ferrotechnique.com\/wp-content\/uploads\/2024\/08\/Logo.png","datePublished":"2024-08-27T10:04:55+00:00","dateModified":"2025-05-30T18:36:27+00:00","description":"Access comprehensive reports on Ferro Technique\u2019s operational performance, market trends, and customer satisfaction. Stay informed with insights designed to enhance your business's success.","inLanguage":"fr-CA","potentialAction":[{"@type":"ReadAction","target":["https:\/\/ferrotechnique.com\/reports\/"]}]},{"@type":"ImageObject","inLanguage":"fr-CA","@id":"https:\/\/ferrotechnique.com\/reports\/#primaryimage","url":"https:\/\/ferrotechnique.com\/wp-content\/uploads\/2024\/08\/Logo.png","contentUrl":"https:\/\/ferrotechnique.com\/wp-content\/uploads\/2024\/08\/Logo.png"},{"@type":"WebSite","@id":"https:\/\/ferrotechnique.com\/#website","url":"https:\/\/ferrotechnique.com\/","name":"Ferro Technique","description":"Your Partner in Productivity","publisher":{"@id":"https:\/\/ferrotechnique.com\/#organization"},"potentialAction":[{"@type":"SearchAction","target":{"@type":"EntryPoint","urlTemplate":"https:\/\/ferrotechnique.com\/?s={search_term_string}"},"query-input":{"@type":"PropertyValueSpecification","valueRequired":true,"valueName":"search_term_string"}}],"inLanguage":"fr-CA"},{"@type":"Organization","@id":"https:\/\/ferrotechnique.com\/#organization","name":"Ferro Technique","url":"https:\/\/ferrotechnique.com\/","logo":{"@type":"ImageObject","inLanguage":"fr-CA","@id":"https:\/\/ferrotechnique.com\/#\/schema\/logo\/image\/","url":"https:\/\/ferrotechnique.com\/wp-content\/uploads\/2024\/08\/Logo.png","contentUrl":"https:\/\/ferrotechnique.com\/wp-content\/uploads\/2024\/08\/Logo.png","width":464,"height":80,"caption":"Ferro Technique"},"image":{"@id":"https:\/\/ferrotechnique.com\/#\/schema\/logo\/image\/"}}]}},"featured_image_src":null,"featured_image_src_square":null,"_links":{"self":[{"href":"https:\/\/ferrotechnique.com\/fr\/wp-json\/wp\/v2\/pages\/17","targetHints":{"allow":["GET"]}}],"collection":[{"href":"https:\/\/ferrotechnique.com\/fr\/wp-json\/wp\/v2\/pages"}],"about":[{"href":"https:\/\/ferrotechnique.com\/fr\/wp-json\/wp\/v2\/types\/page"}],"author":[{"embeddable":true,"href":"https:\/\/ferrotechnique.com\/fr\/wp-json\/wp\/v2\/users\/1"}],"replies":[{"embeddable":true,"href":"https:\/\/ferrotechnique.com\/fr\/wp-json\/wp\/v2\/comments?post=17"}],"version-history":[{"count":0,"href":"https:\/\/ferrotechnique.com\/fr\/wp-json\/wp\/v2\/pages\/17\/revisions"}],"wp:attachment":[{"href":"https:\/\/ferrotechnique.com\/fr\/wp-json\/wp\/v2\/media?parent=17"}],"curies":[{"name":"wp","href":"https:\/\/api.w.org\/{rel}","templated":true}]}}